{"id":8096,"date":"2018-02-28T07:40:29","date_gmt":"2018-02-28T07:40:29","guid":{"rendered":"https:\/\/enovathemes.com\/globax\/?page_id=8096"},"modified":"2024-04-27T01:25:51","modified_gmt":"2024-04-27T01:25:51","slug":"sobre-nos","status":"publish","type":"page","link":"https:\/\/www.aeje.com.br\/index.php\/sobre-nos\/","title":{"rendered":"Sobre n\u00f3s"},"content":{"rendered":"<p>[vc_row gap=&#8221;0&#8243; css=&#8221;.vc_custom_1532006514275{padding-top: 96px !important;}&#8221;][vc_column animation_delay=&#8221;0&#8243; offset=&#8221;vc_col-lg-6 vc_col-md-8 vc_col-xs-12&#8243;]<h3 id=\"et-animated-title-1\" class=\"et-animated-title et-clearfix  words-direct\" data-mobile-font=\"32px\" data-tablet-font=\"inherit\" data-delay=\"0\" style=\"font-size:48px;font-weight:700;line-height:56px;color:#212121;\"><span class=\"text-wrapper\"><span class=\"text\">Somos um movimento in\u00e9dito.<\/span><\/span><\/h3>[\/vc_column][vc_column animation_delay=&#8221;0&#8243; width=&#8221;1\/2&#8243; offset=&#8221;vc_hidden-lg vc_hidden-md vc_hidden-sm vc_hidden-xs&#8221;][\/vc_column][\/vc_row][vc_row gap=&#8221;80&#8243; css=&#8221;.vc_custom_1532006500755{padding-bottom: 72px !important;}&#8221;][vc_column width=&#8221;2\/3&#8243;]<div class=\"et-simple-braket-block-wrapper\"><style>#et-simple-braket-block-1 .braket-text {font-size:24px;font-weight:400;line-height:32px;}#et-simple-braket-block-1 .braket > div  {background-color:#fd8c40;}<\/style><div id=\"et-simple-braket-block-1\" class=\"et-simple-braket-block \"><div class=\"braket\"><div><\/div><div><\/div><div><\/div><\/div><div class=\"braket-text\" data-mobile-font=\"inherit\" data-tablet-font=\"inherit\">H\u00e1 dez anos, em um movimento in\u00e9dito, tradicionais sociedades de advogados se uniram, para constituir a AEJE \u2013 Associa\u00e7\u00e3o dos Escrit\u00f3rios Jur\u00eddicos de Direito Empresarial do Rio Grande do Sul.<\/div><\/div><\/div><div class=\"gap et-clearfix \" style=\"height:32px\"><\/div>[vc_column_text]<\/p>\n<p style=\"text-align: left;\">O objetivo da AEJE \u00e9 a valoriza\u00e7\u00e3o da advocacia empresarial como um todo, al\u00e9m da troca de experi\u00eancias e proximidade entre os escrit\u00f3rios, na busca de seus objetivos e pleitos comuns.<\/p>\n<p style=\"text-align: left;\">Os grandes desafios do atual mercado t\u00eam levado as bancas jur\u00eddicas a repensar o seu neg\u00f3cio, buscando adapta\u00e7\u00e3o e inova\u00e7\u00e3o. A proximidade com entidades de classe, a busca pela real qualifica\u00e7\u00e3o dos advogados empresariais, os desafios trazidos pela tecnologia, novas legisla\u00e7\u00f5es que surgem e a amplitude de atua\u00e7\u00e3o hoje exigida da advocacia, t\u00eam sido algumas das pautas do grupo que quer se aproximar e interagir com o mercado e com a sociedade.<\/p>\n<p style=\"text-align: left;\">Os escrit\u00f3rios que integram a AEJE t\u00eam atua\u00e7\u00e3o local e nacional, mas acreditam que devem focar o Rio Grande do Sul, por suas especificidades e import\u00e2ncia, reunindo a lideran\u00e7a, tradi\u00e7\u00e3o, experi\u00eancia e qualifica\u00e7\u00e3o de suas bancas em um c\u00edrculo virtuoso, o qual resultar\u00e1 em uma condi\u00e7\u00e3o de prestar assessoria jur\u00eddica ao empresariado da melhor qualidade, o que \u00e9 vital em um mercado competitivo, globalizado e complexo.<\/p>\n<p style=\"text-align: left;\">A AEJE acredita ainda que sua atua\u00e7\u00e3o trar\u00e1 contribui\u00e7\u00e3o para a imagem do Rio Grande do Sul, na medida em que destacar\u00e1 a advocacia empresarial ga\u00facha, e contribuir\u00e1 para um segmento empresarial mais forte, gerador de renda, empregos, tributos e inclus\u00e3o social, melhor estruturados para atra\u00e7\u00e3o de investimentos e desenvolvimento econ\u00f4mico.<\/p>\n<p>[\/vc_column_text][\/vc_column][vc_column animation_delay=&#8221;0&#8243; width=&#8221;1\/3&#8243; css=&#8221;.vc_custom_1530279884745{border-left-width: 1px !important;padding-left: 20% !important;border-left-color: #e0e0e0 !important;border-left-style: solid !important;border-radius: 1px !important;}&#8221; el_class=&#8221;et-element-column-with-border-left&#8221;][vc_custom_heading text=&#8221;OBJETIVOS&#8221; font_container=&#8221;tag:h5|text_align:left&#8221; use_theme_fonts=&#8221;yes&#8221; el_class=&#8221;letter-spacing-50&#8243;][vc_column_text]<\/p>\n<ul>\n<li>Promover estudos<\/li>\n<li>Realizar manifesta\u00e7\u00f5es<\/li>\n<li>Qualificar a pr\u00e1tica jur\u00eddica<\/li>\n<li>Representatividade das associadas<\/li>\n<li>Promo\u00e7\u00e3o de pleitos no Judici\u00e1rio<\/li>\n<\/ul>\n<p>[\/vc_column_text][\/vc_column][\/vc_row][vc_row full_width=&#8221;stretch_row&#8221; gap=&#8221;0&#8243; css=&#8221;.vc_custom_1531476452701{padding-top: 0px !important;padding-bottom: 0px !important;background: #fd8c40 url(https:\/\/enovathemes.com\/globax\/wp-content\/uploads\/globus_image_large.jpg?id=12267) !important;background-position: center !important;background-repeat: no-repeat !important;background-size: contain !important;}&#8221; el_id=&#8221;background-position-75&#8243;][vc_column]<div class=\"gap et-clearfix hide767\" style=\"height:104px\"><\/div><div class=\"gap et-clearfix hide768\" style=\"height:24px\"><\/div>[\/vc_column][\/vc_row][vc_section][vc_row gap=&#8221;0&#8243; css=&#8221;.vc_custom_1531831207588{padding-top: 96px !important;}&#8221;][vc_column animation_delay=&#8221;0&#8243; offset=&#8221;vc_col-lg-6 vc_col-md-8 vc_col-xs-12&#8243;]<h6 class=\"et-highlight-title \" style=\"font-size:12px;font-weight:700;line-height:24px;letter-spacing:0.5px;color:#9a9a9a;\" data-mobile-font=\"inherit\" data-tablet-font=\"inherit\"><span class=\"title-inner\">GEST\u00c3O<span class=\"highlight-line\" style=\"background-color:#fd8c40;\"><\/span><\/span><\/h6><h3 id=\"et-animated-title-2\" class=\"et-animated-title et-clearfix  words-direct\" data-mobile-font=\"32px\" data-tablet-font=\"inherit\" data-delay=\"100\" style=\"font-size:48px;font-weight:700;line-height:56px;color:#212121;\"><span class=\"text-wrapper\"><span class=\"text\">Conhe\u00e7a a nossa <span class=\"highlight\" style=\"color: #fd8c40;\">DIRETORIA<\/span><\/span><\/span><\/h3>[\/vc_column][vc_column animation_delay=&#8221;0&#8243; width=&#8221;1\/2&#8243; offset=&#8221;vc_hidden-lg vc_hidden-md vc_hidden-sm vc_hidden-xs&#8221;][\/vc_column][\/vc_row][vc_row css_animation=&#8221;bottom-to-top&#8221; css=&#8221;.vc_custom_1532007951659{padding-top: 56px !important;padding-bottom: 0px !important;}&#8221;][vc_column animation_delay=&#8221;0&#8243; css_animation=&#8221;none&#8221; width=&#8221;1\/3&#8243;]<div id=\"et-person-1\" class=\"et-person\"><div class=\"overlay-hover\"><div class=\"image post-image\"><div class=\"image-container\"><img loading=\"lazy\" decoding=\"async\" width=\"622\" height=\"613\" alt=\"\" src=\"https:\/\/www.aeje.com.br\/wp-content\/uploads\/2024\/04\/aeje-fabio-borda.jpg\"><\/div><\/div><div class=\"et-social-links social-links full et-clearfix\"><a class=\"et-icon-linkedin\" href=\"#\"><\/a><a class=\"et-icon-email\" href=\"mailto:ferracini@rfsadvogados.com.br\"><\/a><\/div><\/div><div class=\"stylish-box-wrapper et-clearfix under-image-content\"><div class=\"stylish-box\"><p class=\"person-subtitle stylish-dash\">Presidente<\/p><h5 class=\"person-title\">Fabio Lu\u00eds de Luca<\/h5><\/div><div class=\"stylish-box\"><a href=\"#\" class=\"et-button stylish-button small\">Contacts<\/a><\/div><\/div><\/div>[\/vc_column][vc_column animation_delay=&#8221;0&#8243; css_animation=&#8221;none&#8221; width=&#8221;1\/3&#8243;]<div id=\"et-person-2\" class=\"et-person\"><div class=\"overlay-hover\"><div class=\"image post-image\"><div class=\"image-container\"><img loading=\"lazy\" decoding=\"async\" width=\"677\" height=\"668\" alt=\"\" src=\"https:\/\/www.aeje.com.br\/wp-content\/uploads\/2024\/04\/althaus-borda.png\"><\/div><\/div><div class=\"et-social-links social-links full et-clearfix\"><a class=\"et-icon-facebook\" href=\"#\"><\/a><a class=\"et-icon-instagram\" href=\"#\"><\/a><a class=\"et-icon-email\" href=\"mailto:fdl@lippert.com.br\"><\/a><\/div><\/div><div class=\"stylish-box-wrapper et-clearfix under-image-content\"><div class=\"stylish-box\"><p class=\"person-subtitle stylish-dash\">Vice-Presidente<\/p><h5 class=\"person-title\">Ver\u00f4nica Althaus<\/h5><\/div><div class=\"stylish-box\"><a href=\"#\" class=\"et-button stylish-button small\">Contacts<\/a><\/div><\/div><\/div>[\/vc_column][vc_column animation_delay=&#8221;0&#8243; css_animation=&#8221;none&#8221; width=&#8221;1\/3&#8243;]<div id=\"et-person-3\" class=\"et-person\"><div class=\"overlay-hover\"><div class=\"image post-image\"><div class=\"image-container\"><img loading=\"lazy\" decoding=\"async\" width=\"677\" height=\"668\" alt=\"\" src=\"https:\/\/www.aeje.com.br\/wp-content\/uploads\/2024\/04\/aeje-borda-novo.jpg\"><\/div><\/div><div class=\"et-social-links social-links full et-clearfix\"><a class=\"et-icon-facebook\" href=\"#\"><\/a><a class=\"et-icon-instagram\" href=\"#\"><\/a><a class=\"et-icon-email\" href=\"mailto:fdl@lippert.com.br\"><\/a><\/div><\/div><div class=\"stylish-box-wrapper et-clearfix under-image-content\"><div class=\"stylish-box\"><p class=\"person-subtitle stylish-dash\">Diretor Financeiro-Administrativo<\/p><h5 class=\"person-title\">Sillas Battastini Neves<\/h5><\/div><div class=\"stylish-box\"><a href=\"#\" class=\"et-button stylish-button small\">Contacts<\/a><\/div><\/div><\/div>[\/vc_column][\/vc_row][\/vc_section]<\/p>\n","protected":false},"excerpt":{"rendered":"<p>Leverage agile frameworks to provide a robust synopsis for high level overviews. Iterative approaches to corporate strategy foster collaborative thinking to further the overall value proposition. Organically grow the holistic world view of disruptive innovation via workplace diversity and empowerment.<\/p>\n","protected":false},"author":2,"featured_media":0,"parent":0,"menu_order":0,"comment_status":"closed","ping_status":"closed","template":"page-vc.php","meta":{"footnotes":""},"class_list":["post-8096","page","type-page","status-publish","hentry"],"_links":{"self":[{"href":"https:\/\/www.aeje.com.br\/index.php\/wp-json\/wp\/v2\/pages\/8096","targetHints":{"allow":["GET"]}}],"collection":[{"href":"https:\/\/www.aeje.com.br\/index.php\/wp-json\/wp\/v2\/pages"}],"about":[{"href":"https:\/\/www.aeje.com.br\/index.php\/wp-json\/wp\/v2\/types\/page"}],"author":[{"embeddable":true,"href":"https:\/\/www.aeje.com.br\/index.php\/wp-json\/wp\/v2\/users\/2"}],"replies":[{"embeddable":true,"href":"https:\/\/www.aeje.com.br\/index.php\/wp-json\/wp\/v2\/comments?post=8096"}],"version-history":[{"count":17,"href":"https:\/\/www.aeje.com.br\/index.php\/wp-json\/wp\/v2\/pages\/8096\/revisions"}],"predecessor-version":[{"id":14252,"href":"https:\/\/www.aeje.com.br\/index.php\/wp-json\/wp\/v2\/pages\/8096\/revisions\/14252"}],"wp:attachment":[{"href":"https:\/\/www.aeje.com.br\/index.php\/wp-json\/wp\/v2\/media?parent=8096"}],"curies":[{"name":"wp","href":"https:\/\/api.w.org\/{rel}","templated":true}]}}