{"id":3389,"date":"2018-02-20T10:47:49","date_gmt":"2018-02-20T10:47:49","guid":{"rendered":"https:\/\/enovathemes.com\/globax\/?page_id=3389"},"modified":"2021-04-30T15:35:06","modified_gmt":"2021-04-30T15:35:06","slug":"home","status":"publish","type":"page","link":"https:\/\/www.aeje.com.br\/","title":{"rendered":"Home"},"content":{"rendered":"<p>[vc_section][vc_row gap=&#8221;0&#8243; css=&#8221;.vc_custom_1531831207588{padding-top: 96px !important;}&#8221;][vc_column animation_delay=&#8221;0&#8243; offset=&#8221;vc_col-lg-6 vc_col-md-8 vc_col-xs-12&#8243;]<h6 class=\"et-highlight-title \" style=\"font-size:12px;font-weight:700;line-height:24px;letter-spacing:0.5px;color:#9a9a9a;\" data-mobile-font=\"inherit\" data-tablet-font=\"inherit\"><span class=\"title-inner\">FIQUE INFORMADO<span class=\"highlight-line\" style=\"background-color:#fd8c40;\"><\/span><\/span><\/h6><h3 id=\"et-animated-title-1\" class=\"et-animated-title et-clearfix  words-direct\" data-mobile-font=\"32px\" data-tablet-font=\"inherit\" data-delay=\"100\" style=\"font-size:48px;font-weight:700;line-height:56px;color:#212121;\"><span class=\"text-wrapper\"><span class=\"text\">Leia os nossos artigos jur\u00eddicos <\/span><\/span><\/h3>[\/vc_column][vc_column animation_delay=&#8221;0&#8243; width=&#8221;1\/2&#8243; offset=&#8221;vc_hidden-lg vc_hidden-md vc_hidden-sm vc_hidden-xs&#8221;][\/vc_column][\/vc_row][vc_row gap=&#8221;0&#8243; css=&#8221;.vc_custom_1531832918890{padding-top: 56px !important;padding-bottom: 32px !important;}&#8221;][vc_column animation_delay=&#8221;150&#8243; css_animation=&#8221;fadeIn&#8221;]<div class=\"recent-posts-layout blog-layout-carousel carousel lazy lazy-load\"><div id=\"loop-posts-1\" data-columns=\"2\" class=\"loop-posts carousel owl-carousel recent-posts effect-none overlay-fade-zoom et-item-set et-clearfix\"><article class=\"et-item post-14289 post type-post status-publish format-standard hentry category-noticia\" data-width=\"50\" id=\"post-14289\"><div class=\"post-inner et-item-inner et-clearfix\"><div class=\"post-body et-clearfix\"><div class=\"post-body-inner-wrap\"><div class=\"post-body-inner\"><div class=\"post-meta et-clearfix\"><div class=\"post-category\"><a href=\"https:\/\/www.aeje.com.br\/index.php\/category\/noticia\/\" rel=\"category tag\">Not\u00edcia<\/a><\/div><div class=\"post-date-inline\">mar\u00e7o 28, 2026<\/div><\/div><h4 class=\"post-title entry-title\"><a href=\"https:\/\/www.aeje.com.br\/index.php\/2026\/03\/28\/diretoria-aeje-gestao-2026\/\" title=\"Read more about Diretoria AEJE \u2014 Gest\u00e3o 2026\" rel=\"bookmark\">Diretoria AEJE \u2014 Gest\u00e3o 2026<\/a><\/h4><div class=\"post-excerpt\">A Associa\u00e7\u00e3o dos Escrit\u00f3rios Jur\u00eddicos de Direito Empresarial do Rio Grande do Sul (AEJE) apresenta sua diretoria eleita para o bi\u00eanio 2026\u20132028, composta por profissionais que representam alguns [...]<\/div><a href=\"https:\/\/www.aeje.com.br\/index.php\/2026\/03\/28\/diretoria-aeje-gestao-2026\/\" title=\"Read more about Diretoria AEJE \u2014 Gest\u00e3o 2026\" class=\"post-read-more et-button small stylish-button\">Read more<span class=\"screen-reader-text\">Diretoria AEJE \u2014 Gest\u00e3o 2026?><\/span><\/a><\/div><\/div><\/div><\/div><\/article><article class=\"et-item post-14284 post type-post status-publish format-standard hentry category-noticia\" data-width=\"50\" id=\"post-14284\"><div class=\"post-inner et-item-inner et-clearfix\"><div class=\"post-body et-clearfix\"><div class=\"post-body-inner-wrap\"><div class=\"post-body-inner\"><div class=\"post-meta et-clearfix\"><div class=\"post-category\"><a href=\"https:\/\/www.aeje.com.br\/index.php\/category\/noticia\/\" rel=\"category tag\">Not\u00edcia<\/a><\/div><div class=\"post-date-inline\">mar\u00e7o 28, 2026<\/div><\/div><h4 class=\"post-title entry-title\"><a href=\"https:\/\/www.aeje.com.br\/index.php\/2026\/03\/28\/aeje-elege-diretoria-e-anuncia-planos-de-ampliar-a-visibilidade-da-advocacia-empresarial-gaucha\/\" title=\"Read more about AEJE elege diretoria e anuncia planos de ampliar a visibilidade da advocacia empresarial ga\u00facha\" rel=\"bookmark\">AEJE elege diretoria e anuncia planos de ampliar a visibilidade da advocacia empresarial ga\u00facha<\/a><\/h4><div class=\"post-excerpt\">Com mais de uma d\u00e9cada de atua\u00e7\u00e3o e 17 escrit\u00f3rios associados, a entidade retoma protagonismo e refor\u00e7a seu papel de refer\u00eancia no Direito Empresarial do Rio Grande do Sul. A Associa\u00e7\u00e3o dos [...]<\/div><a href=\"https:\/\/www.aeje.com.br\/index.php\/2026\/03\/28\/aeje-elege-diretoria-e-anuncia-planos-de-ampliar-a-visibilidade-da-advocacia-empresarial-gaucha\/\" title=\"Read more about AEJE elege diretoria e anuncia planos de ampliar a visibilidade da advocacia empresarial ga\u00facha\" class=\"post-read-more et-button small stylish-button\">Read more<span class=\"screen-reader-text\">AEJE elege diretoria e anuncia planos de ampliar a visibilidade da advocacia empresarial ga\u00facha?><\/span><\/a><\/div><\/div><\/div><\/div><\/article><\/div><\/div>[\/vc_column][\/vc_row][vc_row gap=&#8221;0&#8243; css=&#8221;.vc_custom_1531843586639{padding-top: 96px !important;}&#8221;][vc_column animation_delay=&#8221;0&#8243; offset=&#8221;vc_col-lg-6 vc_col-md-8 vc_col-xs-12&#8243;]<h6 class=\"et-highlight-title \" style=\"font-size:12px;font-weight:700;line-height:24px;letter-spacing:0.5px;color:#9a9a9a;\" data-mobile-font=\"inherit\" data-tablet-font=\"inherit\"><span class=\"title-inner\">SOBRE A AEJE<span class=\"highlight-line\" style=\"background-color:#fd8c40;\"><\/span><\/span><\/h6><h3 id=\"et-animated-title-2\" class=\"et-animated-title et-clearfix  words-direct\" data-mobile-font=\"32px\" data-tablet-font=\"inherit\" data-delay=\"100\" style=\"font-size:48px;font-weight:700;line-height:56px;color:#212121;\"><span class=\"text-wrapper\"><span class=\"text\">Saiba mais sobre os nossos <span class=\"highlight\" style=\"color: #fd8c40;\">OBJETIVOS<\/span><\/span><\/span><\/h3>[\/vc_column][vc_column animation_delay=&#8221;0&#8243; width=&#8221;1\/2&#8243; offset=&#8221;vc_hidden-lg vc_hidden-md vc_hidden-sm vc_hidden-xs&#8221;][\/vc_column][\/vc_row][vc_row gap=&#8221;0&#8243; css=&#8221;.vc_custom_1531831408148{padding-bottom: 64px !important;}&#8221;][vc_column animation_delay=&#8221;0&#8243; css=&#8221;.vc_custom_1530713434392{background-image: url(https:\/\/enovathemes.com\/globax\/wp-content\/uploads\/world.jpg?id=11623) !important;background-position: center !important;background-repeat: no-repeat !important;background-size: contain !important;}&#8221;]<div class=\"et-content-box-wrapper\"><style>#et-content-box-1{margin-left:-40px;margin-right:-40px;}#et-content-box-1 .box-item-inner {padding:40px}<\/style><div id=\"et-content-box-1\" class=\"et-content-box et-item-set et-clearfix hover-icon-move large icon-position-top icon-alignment-left effect-type-random effect-moveUp\" data-columns=\"3\"><div class=\"box-item-wrapper et-item et-box-item\"><style>#box-item-1 .et-icon-wrap {}#box-item-1 .et-icon-wrap > .et-icon {color:#fd8c40;}<\/style><div id=\"box-item-1\"  class=\"box-item-inner et-item-inner\"><div class=\"box-item-content-wrapper et-clearfix\"><div class=\"et-icon-wrap \"><span class=\"box-hover\" style=\"\" ><\/span><span class=\"glint\" style=\"background-color:#fd8c40;\"><\/span><span class=\"et-icon fa fa-book\"><\/span><\/div><div class=\"clearfix\"><\/div><div class=\"box-item-content et-clearfix\">[vc_custom_heading text=&#8221;ESTUDOS&#8221; font_container=&#8221;tag:h5|font_size:18px|text_align:left|line_height:32px&#8221; use_theme_fonts=&#8221;yes&#8221; el_class=&#8221;letter-spacing-50&#8243; css=&#8221;.vc_custom_1615764672026{margin-bottom: 16px !important;}&#8221;][vc_column_text css=&#8221;.vc_custom_1615827153049{margin-bottom: 16px !important;}&#8221;]Promover o estudo e a defesa de quest\u00f5es de interesse dos Associados;[\/vc_column_text]<\/div><\/div><\/div><\/div><div class=\"box-item-wrapper et-item et-box-item\"><style>#box-item-2 .et-icon-wrap {}#box-item-2 .et-icon-wrap > .et-icon {color:#fd8c40;}<\/style><div id=\"box-item-2\"  class=\"box-item-inner et-item-inner\"><div class=\"box-item-content-wrapper et-clearfix\"><div class=\"et-icon-wrap \"><span class=\"box-hover\" style=\"\" ><\/span><span class=\"glint\" style=\"background-color:#fd8c40;\"><\/span><span class=\"et-icon fa fa-bullhorn\"><\/span><\/div><div class=\"clearfix\"><\/div><div class=\"box-item-content et-clearfix\">[vc_custom_heading text=&#8221;MANIFESTA\u00c7\u00d5ES&#8221; font_container=&#8221;tag:h5|font_size:18px|text_align:left|line_height:32px&#8221; use_theme_fonts=&#8221;yes&#8221; el_class=&#8221;letter-spacing-50&#8243; css=&#8221;.vc_custom_1615765044030{margin-bottom: 16px !important;}&#8221;][vc_column_text css=&#8221;.vc_custom_1615765667966{margin-bottom: 16px !important;}&#8221;]Manifestar-se sobre quest\u00f5es jur\u00eddicas e administrativas da Justi\u00e7a e do exerc\u00edcio da profiss\u00e3o de advogado;[\/vc_column_text]<\/div><\/div><\/div><\/div><div class=\"box-item-wrapper et-item et-box-item\"><style>#box-item-3 .et-icon-wrap {}#box-item-3 .et-icon-wrap > .et-icon {color:#fd8c40;}<\/style><div id=\"box-item-3\"  class=\"box-item-inner et-item-inner\"><div class=\"box-item-content-wrapper et-clearfix\"><div class=\"et-icon-wrap \"><span class=\"box-hover\" style=\"\" ><\/span><span class=\"glint\" style=\"background-color:#fd8c40;\"><\/span><span class=\"et-icon fa fa-user-tie\"><\/span><\/div><div class=\"clearfix\"><\/div><div class=\"box-item-content et-clearfix\">[vc_custom_heading text=&#8221;PR\u00c1TICA JUR\u00cdDICA&#8221; font_container=&#8221;tag:h5|font_size:18px|text_align:left|line_height:32px&#8221; use_theme_fonts=&#8221;yes&#8221; el_class=&#8221;letter-spacing-50&#8243; css=&#8221;.vc_custom_1615765030408{margin-bottom: 16px !important;}&#8221;][vc_column_text css=&#8221;.vc_custom_1615764853007{margin-bottom: 16px !important;}&#8221;]Oferecer \u00e0s Associadas estudos e servi\u00e7os que facilitem o exerc\u00edcio da profiss\u00e3o de advogado;[\/vc_column_text]<\/div><\/div><\/div><\/div><div class=\"box-item-wrapper et-item et-box-item\"><style>#box-item-4 .et-icon-wrap {}#box-item-4 .et-icon-wrap > .et-icon {color:#fd8c40;}<\/style><div id=\"box-item-4\"  class=\"box-item-inner et-item-inner\"><div class=\"box-item-content-wrapper et-clearfix\"><div class=\"et-icon-wrap \"><span class=\"box-hover\" style=\"\" ><\/span><span class=\"glint\" style=\"background-color:#fd8c40;\"><\/span><span class=\"et-icon fa fa-hands-helping\"><\/span><\/div><div class=\"clearfix\"><\/div><div class=\"box-item-content et-clearfix\">[vc_custom_heading text=&#8221;REPRESENTATIVIDADE&#8221; font_container=&#8221;tag:h5|font_size:18px|text_align:left|line_height:32px&#8221; use_theme_fonts=&#8221;yes&#8221; el_class=&#8221;letter-spacing-50&#8243; css=&#8221;.vc_custom_1615765006171{margin-bottom: 16px !important;}&#8221;][vc_column_text css=&#8221;.vc_custom_1615765537477{margin-bottom: 16px !important;}&#8221;]Representar os interesses em face dos \u00f3rg\u00e3os de classe e de outras entidades profissionais de advogados;[\/vc_column_text]<\/div><\/div><\/div><\/div><div class=\"box-item-wrapper et-item et-box-item\"><style>#box-item-5 .et-icon-wrap {}#box-item-5 .et-icon-wrap > .et-icon {color:#fd8c40;}<\/style><div id=\"box-item-5\"  class=\"box-item-inner et-item-inner\"><div class=\"box-item-content-wrapper et-clearfix\"><div class=\"et-icon-wrap \"><span class=\"box-hover\" style=\"\" ><\/span><span class=\"glint\" style=\"background-color:#fd8c40;\"><\/span><span class=\"et-icon fa fa-gavel\"><\/span><\/div><div class=\"clearfix\"><\/div><div class=\"box-item-content et-clearfix\">[vc_custom_heading text=&#8221;JUDICI\u00c1RIO&#8221; font_container=&#8221;tag:h5|font_size:18px|text_align:left|line_height:32px&#8221; use_theme_fonts=&#8221;yes&#8221; el_class=&#8221;letter-spacing-50&#8243; css=&#8221;.vc_custom_1615764993022{margin-bottom: 16px !important;}&#8221;][vc_column_text css=&#8221;.vc_custom_1615827171962{margin-bottom: 16px !important;}&#8221;]Representar os interesses dos Associados em ju\u00edzo.[\/vc_column_text]<\/div><\/div><\/div><\/div><\/div><\/div>[\/vc_column][\/vc_row][\/vc_section][vc_row full_width=&#8221;stretch_row&#8221; gap=&#8221;0&#8243; equal_height=&#8221;yes&#8221; content_placement=&#8221;middle&#8221; css=&#8221;.vc_custom_1615820210946{padding-top: 120px !important;padding-bottom: 120px !important;background: #212121 url(https:\/\/site.aeje.com.br\/wp-content\/uploads\/2021\/03\/section_back_1-copia.jpg?id=13938) !important;background-position: center !important;background-repeat: no-repeat !important;background-size: cover !important;}&#8221;][vc_column animation_delay=&#8221;0&#8243; css=&#8221;.vc_custom_1530688354424{padding-top: 0px !important;}&#8221; offset=&#8221;vc_col-lg-6 vc_col-md-6 vc_col-xs-12&#8243;]<div class=\"et-braket-block-wrapper\"><style>#et-braket-block-1 .braket-title {font-size:64px;font-weight:700;line-height:72px;color:#ffffff;}#et-braket-block-1 .braket-sub-title {color:#ffffff;}#et-braket-block-1 .braket-button {color:#ffffff !important;}#et-braket-block-1 .braket-button:hover {color:#ffffff !important;}#et-braket-block-1 .braket-button:before {box-shadow:inset 0 0 0 1px #ffffff;}#et-braket-block-1 .braket-button:after {background-color:#fd8c40;}#et-braket-block-1 .braket > div:first-child,\r\n\t\t\t\t\t\t#et-braket-block-1 .braket > div:last-child,\r\n\t\t\t\t\t\t#et-braket-block-1 .braket > div:nth-child(2) > span  {background-color:#fd8c40;}<\/style><div id=\"et-braket-block-1\" data-delay=\"100\" class=\"et-braket-block left \"><div class=\"braket-block-inner et-clearfix\"><div class=\"braket\"><div><\/div><div><span><\/span><\/div><div><\/div><\/div><div class=\"braket-block-content\"><p class=\"braket-sub-title\">SAIBA MAIS<\/p><h3 class=\"braket-title\" data-mobile-font=\"32px\" data-tablet-font=\"inherit\">NOSSO ESTATUTO<\/h3><\/div><\/div><div class=\"braket-block-content text et-clearfix\"><div class=\"et-clearfix braket-block-content-inner\"><p><span style=\"color: #ffffff;\">Conhe\u00e7a o nosso estatuto \u2013 Saiba quais s\u00e3o os direitos e deveres da AEJE e de seus Associados.\u00a0<\/span><\/div><a href=\"https:\/\/site.aeje.com.br\/index.php\/estatuto\/\" class=\"et-button medium braket-button stylish-button\">Leia<\/a><\/div><\/div><\/div>[\/vc_column][vc_column animation_delay=&#8221;0&#8243; width=&#8221;1\/2&#8243; css=&#8221;.vc_custom_1530688372423{padding-top: 0px !important;}&#8221; offset=&#8221;vc_col-lg-6 vc_col-md-6 vc_hidden-sm vc_hidden-xs&#8221;][\/vc_column][\/vc_row][vc_row gap=&#8221;40&#8243; css=&#8221;.vc_custom_1531831275731{padding-top: 56px !important;padding-bottom: 48px !important;}&#8221;][vc_column animation_delay=&#8221;150&#8243; css_animation=&#8221;left-to-right&#8221; over768_under_1024_padding_left=&#8221;15%&#8221; over768_under_1024_padding_right=&#8221;15%&#8221; offset=&#8221;vc_col-lg-6 vc_col-md-6 vc_col-xs-12&#8243; el_class=&#8221;text767-align-center&#8221;][vc_custom_heading text=&#8221;COMIT\u00caS MULTIDISCIPLINARES&#8221; font_container=&#8221;tag:div|font_size:18px|text_align:center|color:%23ffffff|line_height:32px&#8221; google_fonts=&#8221;font_family:Montserrat%3Aregular%2C700|font_style:700%20bold%20regular%3A700%3Anormal&#8221; css=&#8221;.vc_custom_1615766153644{margin-left: 72px !important;padding-top: 8px !important;padding-right: 16px !important;padding-bottom: 8px !important;padding-left: 16px !important;background-color: #fd8c40 !important;}&#8221; el_class=&#8221;heading-display-inline-block&#8221;]<div class=\"gap et-clearfix \" style=\"height:48px\"><\/div><div class=\"et-content-box-wrapper\"><style>#et-content-box-2 .et-icon-wrap {border-radius:500px;}<\/style><div id=\"et-content-box-2\" class=\"et-content-box et-item-set et-clearfix hover-none small icon-position-left icon-alignment-left effect-type-sequential effect-none\" data-columns=\"1\"><div class=\"box-item-wrapper et-item et-box-item\"><style>#box-item-6 .et-icon-wrap {box-shadow:inset 0 0 0 4px #fd8c40;}#box-item-6 .et-icon-wrap > .et-icon {color:#fd8c40;}#box-item-6:hover .et-icon-wrap {box-shadow:inset 0 0 0 4px #212121;}#box-item-6:hover .et-icon-wrap > .et-icon {color:#212121;}<\/style><div id=\"box-item-6\"  class=\"box-item-inner et-item-inner\"><div class=\"box-item-content-wrapper et-clearfix\"><div class=\"et-icon-wrap full\"><span class=\"box-hover\" style=\"width:calc(100% - 8px);height:calc(100% - 8px);\" ><\/span><span class=\"glint\" style=\"background-color:#212121;\"><\/span><span class=\"et-icon fa fa-check\"><\/span><\/div><div class=\"clearfix\"><\/div><div class=\"box-item-content et-clearfix\">[vc_custom_heading text=&#8221;Gest\u00e3o de Ensino Jur\u00eddico&#8221; font_container=&#8221;tag:h6|font_size:18px|text_align:left|color:%23212121|line_height:32px&#8221; use_theme_fonts=&#8221;yes&#8221; css=&#8221;.vc_custom_1619106759219{margin-bottom: 8px !important;}&#8221;][vc_empty_space]<\/div><\/div><\/div><\/div><div class=\"box-item-wrapper et-item et-box-item\"><style>#box-item-7 .et-icon-wrap {box-shadow:inset 0 0 0 4px #fd8c40;}#box-item-7 .et-icon-wrap > .et-icon {color:#fd8c40;}#box-item-7:hover .et-icon-wrap {box-shadow:inset 0 0 0 4px #212121;}#box-item-7:hover .et-icon-wrap > .et-icon {color:#212121;}<\/style><div id=\"box-item-7\"  class=\"box-item-inner et-item-inner\"><div class=\"box-item-content-wrapper et-clearfix\"><div class=\"et-icon-wrap full\"><span class=\"box-hover\" style=\"width:calc(100% - 8px);height:calc(100% - 8px);\" ><\/span><span class=\"glint\" style=\"background-color:#212121;\"><\/span><span class=\"et-icon fa fa-check\"><\/span><\/div><div class=\"clearfix\"><\/div><div class=\"box-item-content et-clearfix\">[vc_custom_heading text=&#8221;Grupo de Rela\u00e7\u00f5es com o Mercado&#8221; font_container=&#8221;tag:h6|font_size:18px|text_align:left|color:%23212121|line_height:32px&#8221; use_theme_fonts=&#8221;yes&#8221; css=&#8221;.vc_custom_1619106773420{margin-bottom: 8px !important;}&#8221;][vc_empty_space]<\/div><\/div><\/div><\/div><div class=\"box-item-wrapper et-item et-box-item\"><style>#box-item-8 .et-icon-wrap {box-shadow:inset 0 0 0 4px #fd8c40;}#box-item-8 .et-icon-wrap > .et-icon {color:#fd8c40;}#box-item-8:hover .et-icon-wrap {box-shadow:inset 0 0 0 4px #212121;}#box-item-8:hover .et-icon-wrap > .et-icon {color:#212121;}<\/style><div id=\"box-item-8\"  class=\"box-item-inner et-item-inner\"><div class=\"box-item-content-wrapper et-clearfix\"><div class=\"et-icon-wrap full\"><span class=\"box-hover\" style=\"width:calc(100% - 8px);height:calc(100% - 8px);\" ><\/span><span class=\"glint\" style=\"background-color:#212121;\"><\/span><span class=\"et-icon fa fa-check\"><\/span><\/div><div class=\"clearfix\"><\/div><div class=\"box-item-content et-clearfix\">[vc_custom_heading text=&#8221;Grupo Legislativo&#8221; font_container=&#8221;tag:h6|font_size:18px|text_align:left|color:%23212121|line_height:32px&#8221; use_theme_fonts=&#8221;yes&#8221; css=&#8221;.vc_custom_1619106783690{margin-bottom: 8px !important;}&#8221;][vc_empty_space]<\/div><\/div><\/div><\/div><div class=\"box-item-wrapper et-item et-box-item\"><style>#box-item-9 .et-icon-wrap {box-shadow:inset 0 0 0 4px #fd8c40;}#box-item-9 .et-icon-wrap > .et-icon {color:#fd8c40;}#box-item-9:hover .et-icon-wrap {box-shadow:inset 0 0 0 4px #212121;}#box-item-9:hover .et-icon-wrap > .et-icon {color:#212121;}<\/style><div id=\"box-item-9\"  class=\"box-item-inner et-item-inner\"><div class=\"box-item-content-wrapper et-clearfix\"><div class=\"et-icon-wrap full\"><span class=\"box-hover\" style=\"width:calc(100% - 8px);height:calc(100% - 8px);\" ><\/span><span class=\"glint\" style=\"background-color:#212121;\"><\/span><span class=\"et-icon fa fa-check\"><\/span><\/div><div class=\"clearfix\"><\/div><div class=\"box-item-content et-clearfix\">[vc_custom_heading text=&#8221;Grupo para Comit\u00eas N\u00e3o Jur\u00eddicos&#8221; font_container=&#8221;tag:h6|font_size:18px|text_align:left|color:%23212121|line_height:32px&#8221; use_theme_fonts=&#8221;yes&#8221; css=&#8221;.vc_custom_1619106808678{margin-bottom: 8px !important;}&#8221;][vc_empty_space]<\/div><\/div><\/div><\/div><\/div><\/div>[\/vc_column][vc_column animation_delay=&#8221;0&#8243; offset=&#8221;vc_col-lg-6 vc_col-md-6 vc_col-xs-12&#8243;]<h6 class=\"et-highlight-title \" style=\"font-size:12px;font-weight:700;line-height:24px;letter-spacing:0.5px;color:#9a9a9a;\" data-mobile-font=\"inherit\" data-tablet-font=\"inherit\"><span class=\"title-inner\">O que \u00e9?<span class=\"highlight-line\" style=\"background-color:#fd8c40;\"><\/span><\/span><\/h6><h3 id=\"et-animated-title-3\" class=\"et-animated-title et-clearfix  words-direct\" data-mobile-font=\"32px\" data-tablet-font=\"inherit\" data-delay=\"100\" style=\"font-size:42px;font-weight:700;line-height:50px;color:#212121;\"><span class=\"text-wrapper\"><span class=\"text\">Aperfei\u00e7oando o conhecimento e as boas pr\u00e1ticas no segmento <span class=\"highlight\" style=\"color: #fd8c40;\">JUR\u00cdDICO<\/span><\/span><\/span><\/h3><div class=\"gap et-clearfix \" style=\"height:24px\"><\/div>[vc_column_text]<\/p>\n<p style=\"font-size: 24px; line-height: 32px;\"><b>A AEJE<\/b>\u00a0criou\u00a0<b>Comit\u00eas Multidisciplinares<\/b> visando a troca de experi\u00eancias entre os Associados.<\/p>\n<p>[\/vc_column_text][vc_column_text]<\/p>\n<p style=\"font-size: 18px; line-height: 32px; align: justify;\">Neste formato, al\u00e9m dos comit\u00eas jur\u00eddicos, a AEJE promove a integra\u00e7\u00e3o e intera\u00e7\u00e3o entre diferentes \u00e1reas dos seus escrit\u00f3rios associados como os Comit\u00eas de Gest\u00e3o de Ensino Jur\u00eddico, Rela\u00e7\u00f5es com o Mercado, Legislativo e Grupo para Comit\u00eas N\u00e3o Jur\u00eddicos. Estas atividades permitem o crescimento constante dos profissionais vinculados \u00e0s estruturas associadas e, consequentemente, uma melhor presta\u00e7\u00e3o dos servi\u00e7os jur\u00eddicos dos escrit\u00f3rios associados.<\/p>\n<p>[\/vc_column_text][\/vc_column][\/vc_row][vc_row full_width=&#8221;stretch_row_content&#8221; gap=&#8221;0&#8243; content_placement=&#8221;middle&#8221; css=&#8221;.vc_custom_1531831538098{padding-top: 0px !important;}&#8221;][vc_column animation_delay=&#8221;0&#8243; offset=&#8221;vc_col-lg-6 vc_col-md-6 vc_col-xs-12&#8243;]<div class=\"et-stylish-box stylish-hover top\"><a href=\"https:\/\/site.aeje.com.br\/index.php\/associadas\/\" target=\"_self\"><div class=\"image post-image\"><div class=\"image-container\"><img loading=\"lazy\" decoding=\"async\" width=\"960\" height=\"480\" src=\"https:\/\/www.aeje.com.br\/wp-content\/uploads\/2021\/03\/sender-copia.jpg\" alt=\"\"><\/div><\/div><div class=\"stylish-line-box\"><div class=\"stylish-line-wrapper\"><div class=\"stylish-line\"><span class=\"stylish-line-ghost\"><span class=\"stylish-line-ghost-before\"><\/span><span class=\"stylish-line-ghost-middle\"><\/span><span class=\"stylish-line-ghost-after\"><\/span><\/span><p class=\"stylish-subtitle\">VOCE QUER CONHECER<\/p><h3 class=\"stylish-title\" style=\"font-size:32px;line-height:40px;\" data-mobile-font=\"18px\" data-tablet-font=\"inherit\">OS NOSSOS ASSOCIADOS?<\/h3><\/div><\/div><\/div><\/a><\/div>[\/vc_column][vc_column animation_delay=&#8221;0&#8243; offset=&#8221;vc_col-lg-6 vc_col-md-6 vc_col-xs-12&#8243;]<div class=\"et-stylish-box stylish-hover bottom\"><a href=\"https:\/\/site.aeje.com.br\/index.php\/blog\/\" target=\"_self\"><div class=\"image post-image\"><div class=\"image-container\"><img loading=\"lazy\" decoding=\"async\" width=\"960\" height=\"480\" src=\"https:\/\/www.aeje.com.br\/wp-content\/uploads\/2021\/03\/sender2.jpg\" alt=\"\"><\/div><\/div><div class=\"stylish-line-box\"><div class=\"stylish-line-wrapper\"><div class=\"stylish-line\"><span class=\"stylish-line-ghost\"><span class=\"stylish-line-ghost-before\"><\/span><span class=\"stylish-line-ghost-middle\"><\/span><span class=\"stylish-line-ghost-after\"><\/span><\/span><p class=\"stylish-subtitle\">LEIA OS NOSSOS<\/p><h3 class=\"stylish-title\" style=\"font-size:32px;line-height:40px;\" data-mobile-font=\"18px\" data-tablet-font=\"inherit\">ARTIGOS<\/h3><\/div><\/div><\/div><\/a><\/div>[\/vc_column][\/vc_row][vc_section][\/vc_section]<\/p>\n","protected":false},"excerpt":{"rendered":"<p>Leverage agile frameworks to provide a robust synopsis for high level overviews. Iterative approaches to corporate strategy foster collaborative thinking to further the overall value proposition. Organically grow the holistic world view of disruptive innovation via workplace diversity and empowerment.<\/p>\n","protected":false},"author":2,"featured_media":0,"parent":0,"menu_order":0,"comment_status":"closed","ping_status":"closed","template":"page-vc.php","meta":{"footnotes":""},"class_list":["post-3389","page","type-page","status-publish","hentry"],"_links":{"self":[{"href":"https:\/\/www.aeje.com.br\/index.php\/wp-json\/wp\/v2\/pages\/3389","targetHints":{"allow":["GET"]}}],"collection":[{"href":"https:\/\/www.aeje.com.br\/index.php\/wp-json\/wp\/v2\/pages"}],"about":[{"href":"https:\/\/www.aeje.com.br\/index.php\/wp-json\/wp\/v2\/types\/page"}],"author":[{"embeddable":true,"href":"https:\/\/www.aeje.com.br\/index.php\/wp-json\/wp\/v2\/users\/2"}],"replies":[{"embeddable":true,"href":"https:\/\/www.aeje.com.br\/index.php\/wp-json\/wp\/v2\/comments?post=3389"}],"version-history":[{"count":26,"href":"https:\/\/www.aeje.com.br\/index.php\/wp-json\/wp\/v2\/pages\/3389\/revisions"}],"predecessor-version":[{"id":14072,"href":"https:\/\/www.aeje.com.br\/index.php\/wp-json\/wp\/v2\/pages\/3389\/revisions\/14072"}],"wp:attachment":[{"href":"https:\/\/www.aeje.com.br\/index.php\/wp-json\/wp\/v2\/media?parent=3389"}],"curies":[{"name":"wp","href":"https:\/\/api.w.org\/{rel}","templated":true}]}}