{"id":13945,"date":"2021-03-15T15:28:03","date_gmt":"2021-03-15T15:28:03","guid":{"rendered":"https:\/\/site.aeje.com.br\/?page_id=13945"},"modified":"2024-09-17T11:15:52","modified_gmt":"2024-09-17T11:15:52","slug":"associados","status":"publish","type":"page","link":"https:\/\/www.aeje.com.br\/index.php\/associados\/","title":{"rendered":"Associados"},"content":{"rendered":"<p>[vc_section css=&#8221;.vc_custom_1529919390312{padding-top: 0px !important;padding-bottom: 120px !important;}&#8221; el_class=&#8221;et-highlight-small et-list-align-center&#8221;][vc_row][vc_column width=&#8221;1\/4&#8243;][\/vc_column][vc_column width=&#8221;1\/2&#8243;][vc_custom_heading text=&#8221;Conhe\u00e7a os associados que fazem parte do quadro seleto de escrit\u00f3rios jur\u00eddicos empresariais do Rio Grande do Sul&#8221; font_container=&#8221;tag:p|font_size:18px|text_align:center|color:%23212121|line_height:32px&#8221; use_theme_fonts=&#8221;yes&#8221;][\/vc_column][vc_column width=&#8221;1\/4&#8243;][\/vc_column][\/vc_row][\/vc_section][vc_section css=&#8221;.vc_custom_1529919390312{padding-top: 0px !important;padding-bottom: 120px !important;}&#8221; el_class=&#8221;et-highlight-small et-list-align-center&#8221;][vc_row][vc_column width=&#8221;1\/4&#8243;][vc_single_image image=&#8221;13998&#8243; img_size=&#8221;200&#215;200&#8243; onclick=&#8221;custom_link&#8221; link=&#8221;http:\/\/www.wunderlich.com.br&#8221;][\/vc_column][vc_column width=&#8221;1\/4&#8243;][vc_single_image image=&#8221;13972&#8243; img_size=&#8221;200&#215;200&#8243; onclick=&#8221;custom_link&#8221; link=&#8221;https:\/\/cabanellos.com.br&#8221;][\/vc_column][vc_column width=&#8221;1\/4&#8243;][vc_single_image image=&#8221;13999&#8243; img_size=&#8221;200&#215;200&#8243; onclick=&#8221;custom_link&#8221; link=&#8221;http:\/\/www.obinoadvogados.com.br&#8221;][\/vc_column][vc_column width=&#8221;1\/4&#8243;][\/vc_column][\/vc_row][vc_row][vc_column width=&#8221;1\/4&#8243;][vc_single_image image=&#8221;13975&#8243; img_size=&#8221;200&#215;200&#8243; onclick=&#8221;custom_link&#8221; link=&#8221;http:\/\/www.juchem.com.br&#8221;][\/vc_column][vc_column width=&#8221;1\/4&#8243;][vc_single_image image=&#8221;13976&#8243; img_size=&#8221;200&#215;200&#8243; onclick=&#8221;custom_link&#8221; link=&#8221;https:\/\/www.lamachia.adv.br&#8221;][\/vc_column][vc_column width=&#8221;1\/4&#8243;][vc_single_image image=&#8221;14000&#8243; img_size=&#8221;200&#215;200&#8243; onclick=&#8221;custom_link&#8221; link=&#8221;http:\/\/www.lippert.com.br&#8221;][\/vc_column][vc_column width=&#8221;1\/4&#8243;][vc_single_image image=&#8221;14001&#8243; img_size=&#8221;200&#215;200&#8243; onclick=&#8221;custom_link&#8221; link=&#8221;http:\/\/www.martinelli.adv.br&#8221;][\/vc_column][\/vc_row][vc_row][vc_column width=&#8221;1\/4&#8243;][vc_single_image image=&#8221;14002&#8243; img_size=&#8221;200&#215;200&#8243; onclick=&#8221;custom_link&#8221; link=&#8221;http:\/\/www.rpandolfo.adv.br&#8221;][\/vc_column][vc_column width=&#8221;1\/4&#8243;][vc_single_image image=&#8221;13980&#8243; img_size=&#8221;200&#215;200&#8243; onclick=&#8221;custom_link&#8221; link=&#8221;http:\/\/www.ramosekruel.com.br&#8221;][\/vc_column][vc_column width=&#8221;1\/4&#8243;][vc_single_image image=&#8221;13981&#8243; img_size=&#8221;200&#215;200&#8243; onclick=&#8221;custom_link&#8221; link=&#8221;http:\/\/www.rfsadvogados.com.br&#8221;][\/vc_column][vc_column width=&#8221;1\/4&#8243;][vc_single_image image=&#8221;14281&#8243; img_size=&#8221;200&#215;200&#8243; onclick=&#8221;custom_link&#8221; link=&#8221;http:\/\/www.scaadvocacia.com.br&#8221;][\/vc_column][\/vc_row][vc_row][vc_column width=&#8221;1\/4&#8243;][vc_single_image image=&#8221;14009&#8243; img_size=&#8221;200&#215;200&#8243; onclick=&#8221;custom_link&#8221; link=&#8221;https:\/\/www.silveiro.com.br&#8221;][\/vc_column][vc_column width=&#8221;1\/4&#8243;][vc_single_image image=&#8221;14004&#8243; img_size=&#8221;200&#215;200&#8243; onclick=&#8221;custom_link&#8221; link=&#8221;https:\/\/www.soutocorrea.com.br&#8221;][\/vc_column][vc_column width=&#8221;1\/4&#8243;][vc_single_image image=&#8221;14282&#8243; img_size=&#8221;200&#215;200&#8243; onclick=&#8221;custom_link&#8221; link=&#8221;https:\/\/tozzinifreire.com.br&#8221;][\/vc_column][vc_column width=&#8221;1\/4&#8243;][vc_single_image image=&#8221;14005&#8243; img_size=&#8221;200&#215;200&#8243; onclick=&#8221;custom_link&#8221; link=&#8221;https:\/\/www.trenchrossi.com&#8221;][\/vc_column][\/vc_row][vc_row][vc_column width=&#8221;1\/4&#8243;][vc_single_image image=&#8221;14006&#8243; img_size=&#8221;200&#215;200&#8243; onclick=&#8221;custom_link&#8221; link=&#8221;https:\/\/www.veirano.com.br&#8221;][\/vc_column][vc_column width=&#8221;1\/4&#8243;][vc_single_image image=&#8221;14236&#8243; img_size=&#8221;200&#215;200&#8243; onclick=&#8221;custom_link&#8221; link=&#8221;https:\/\/zna.adv.br&#8221; css=&#8221;.vc_custom_1713384832204{border-radius: 1px !important;}&#8221;][\/vc_column][vc_column width=&#8221;1\/4&#8243;][\/vc_column][vc_column width=&#8221;1\/4&#8243;][\/vc_column][\/vc_row][\/vc_section]<\/p>\n","protected":false},"excerpt":{"rendered":"<p>Leverage agile frameworks to provide a robust synopsis for high level overviews. Iterative approaches to corporate strategy foster collaborative thinking to further the overall value proposition. Organically grow the holistic world view of disruptive innovation via workplace diversity and empowerment.<\/p>\n","protected":false},"author":2,"featured_media":0,"parent":0,"menu_order":0,"comment_status":"closed","ping_status":"closed","template":"page-vc.php","meta":{"footnotes":""},"class_list":["post-13945","page","type-page","status-publish","hentry"],"_links":{"self":[{"href":"https:\/\/www.aeje.com.br\/index.php\/wp-json\/wp\/v2\/pages\/13945","targetHints":{"allow":["GET"]}}],"collection":[{"href":"https:\/\/www.aeje.com.br\/index.php\/wp-json\/wp\/v2\/pages"}],"about":[{"href":"https:\/\/www.aeje.com.br\/index.php\/wp-json\/wp\/v2\/types\/page"}],"author":[{"embeddable":true,"href":"https:\/\/www.aeje.com.br\/index.php\/wp-json\/wp\/v2\/users\/2"}],"replies":[{"embeddable":true,"href":"https:\/\/www.aeje.com.br\/index.php\/wp-json\/wp\/v2\/comments?post=13945"}],"version-history":[{"count":20,"href":"https:\/\/www.aeje.com.br\/index.php\/wp-json\/wp\/v2\/pages\/13945\/revisions"}],"predecessor-version":[{"id":14283,"href":"https:\/\/www.aeje.com.br\/index.php\/wp-json\/wp\/v2\/pages\/13945\/revisions\/14283"}],"wp:attachment":[{"href":"https:\/\/www.aeje.com.br\/index.php\/wp-json\/wp\/v2\/media?parent=13945"}],"curies":[{"name":"wp","href":"https:\/\/api.w.org\/{rel}","templated":true}]}}